{"id":222,"date":"2017-05-09T22:55:07","date_gmt":"2017-05-09T20:55:07","guid":{"rendered":"http:\/\/www.sv-grossraeschen.de\/?page_id=222"},"modified":"2026-04-03T11:41:24","modified_gmt":"2026-04-03T09:41:24","slug":"kegelbahn","status":"publish","type":"page","link":"http:\/\/www.sv-grossraeschen.de\/index.php\/kegelbahn\/","title":{"rendered":"Kegelbahn"},"content":{"rendered":"\n<h1 class=\"wp-block-heading\">Gut Holz und Alle Neune<\/h1>\n\n\n\n<figure class=\"wp-block-image size-large\"><img loading=\"lazy\" decoding=\"async\" width=\"1024\" height=\"576\" src=\"http:\/\/www.sv-grossraeschen.de\/wp-content\/uploads\/2025\/10\/Kegelbahnanlauf-2-1024x576.jpeg\" alt=\"\" class=\"wp-image-863\" srcset=\"http:\/\/www.sv-grossraeschen.de\/wp-content\/uploads\/2025\/10\/Kegelbahnanlauf-2-1024x576.jpeg 1024w, http:\/\/www.sv-grossraeschen.de\/wp-content\/uploads\/2025\/10\/Kegelbahnanlauf-2-300x169.jpeg 300w, http:\/\/www.sv-grossraeschen.de\/wp-content\/uploads\/2025\/10\/Kegelbahnanlauf-2-768x432.jpeg 768w, http:\/\/www.sv-grossraeschen.de\/wp-content\/uploads\/2025\/10\/Kegelbahnanlauf-2-1536x864.jpeg 1536w, http:\/\/www.sv-grossraeschen.de\/wp-content\/uploads\/2025\/10\/Kegelbahnanlauf-2.jpeg 1600w\" sizes=\"auto, (max-width: 1024px) 100vw, 1024px\" \/><\/figure>\n\n\n\n<p>Allen Kegelfreunden steht die Kegelbahn im Sportgeb\u00e4ude in der Chransdorfer Stra\u00dfe zur Verf\u00fcgung.<\/p>\n\n\n\n<p>Sie k\u00f6nnen bei uns Familien- oder Firmenkegeln veranstalten oder einfach einen Kegelwettkampf mit Freunden durchf\u00fchren.&nbsp;Kindergeburtstage, Einschulungs-, Konfirmation- und Jugendweihefeiern bieten auch eine gute Gelegenheit, um die Kegelbahn zu buchen.<\/p>\n\n\n\n<h2 class=\"wp-block-heading\">Preise f\u00fcr die Nutzung der Kegelbahn &#8211; Freitag &#8211; Sonntag&nbsp; :<\/h2>\n\n\n\n<p><strong>F\u00fcr G\u00e4ste (incl. kostenpflichtige Aufsicht)<\/strong><br>2 Bahnen je Stunde 30,00 \u20ac<br>4 Bahnen je Stunde 40,00 \u20ac<br>Weitere Raumnutzung ohne Nutzung der Kegelbahn je Stunde 15,00 \u20ac<\/p>\n\n\n\n<p><strong>F\u00fcr Vereinsmitglieder (incl. kostenpflichtige Aufsicht)<\/strong><br>2 Bahnen je Stunde 25,00 \u20ac<br>4 Bahnen je Stunde 35,00 \u20ac<br>Weitere Raumnutzung ohne Nutzung der Kegelbahn je Stunde 15,00 \u20ac<\/p>\n\n\n\n<p><strong>F\u00fcr Vereinsmitglieder (incl. Aufsicht\/ gestellt durch Abt. Kegeln)<\/strong><br>2 Bahnen je Stunde 15,00 \u20ac<br>4 Bahnen je Stunde 25,00 \u20ac<br>Weitere Raumnutzung ohne Nutzung der Kegelbahn je Stunde 5,00 \u20ac<br><\/p>\n\n\n\n<p><strong>Nutzung f\u00fcr Schulen\/ Horteinrichtung\/ Jugendeinrichtungen etc.<\/strong><br>Alle 4 Bahnen je Stunde 30,00 \u20ac<br>Weitere Raumnutzung ohne Nutzung der Kegelbahn je Stunde 17,50 \u20ac<\/p>\n\n\n\n<p><strong>Vermietung G\u00e4steraum ohne Nutzung der Kegelbahn<\/strong><br>Ausschlie\u00dflich f\u00fcr Versammlungen vom Vorstand, Abteilungen oder Sportgruppen des Vereins.<br><br><\/p>\n\n\n\n<h3 class=\"wp-block-heading\">Die Kegelbahn \u00f6ffnet nur, wenn vorab Bahnen reserviert wurden.<\/h3>\n\n\n\n<p>Von Montag bis Donnerstag sind die Trainingstage der<a href=\"http:\/\/www.sv-grossraeschen.de\/index.php\/amo-team\/laufgruppe\/\"> Abteilung Kegeln<\/a> und verschiedener Kegelgruppen.<\/p>\n\n\n\n<p>Wir bieten ausschlie\u00dflich die Vermietung mit einer Betreuung der Kegelanlage an. Eine Getr\u00e4nke- und Essensversorgung werden durch uns nicht angeboten. Sie k\u00f6nnen aber selbstverst\u00e4ndlich ihre eigene Verpflegung mitbringen. Gl\u00e4ser, Geschirr und Besteck sowie elektrische Ger\u00e4te sind vorhanden und k\u00f6nnen durch Sie genutzt werden. Des Weiteren&nbsp;stehen verschiedene Lieferanten zur Bestellung von Essen zur Auswahl.<\/p>\n\n\n\n<p>Ihre Anmeldung nimmt die Gesch\u00e4ftsstelle des SV Gro\u00dfr\u00e4schen e.V. unter der E-Mail info[at]sv-grossraeschen.de entgegen.<\/p>\n\n\n\n<p>Terminabsprachen sind auch an den Trainingstagen der Abteilung Kegeln m\u00f6glich.<\/p>\n\n\n\n<p>Wir freuen uns auf Ihren Besuch!<\/p>\n\n\n\n<h2 class=\"wp-block-heading\">Gut Holz und Alle Neune<\/h2>\n\n\n\n<figure class=\"wp-block-image size-large\"><img loading=\"lazy\" decoding=\"async\" width=\"1024\" height=\"576\" src=\"http:\/\/www.sv-grossraeschen.de\/wp-content\/uploads\/2025\/10\/WhatsApp-Image-2025-10-28-at-20.46.50-1024x576.jpeg\" alt=\"\" class=\"wp-image-865\" srcset=\"http:\/\/www.sv-grossraeschen.de\/wp-content\/uploads\/2025\/10\/WhatsApp-Image-2025-10-28-at-20.46.50-1024x576.jpeg 1024w, http:\/\/www.sv-grossraeschen.de\/wp-content\/uploads\/2025\/10\/WhatsApp-Image-2025-10-28-at-20.46.50-300x169.jpeg 300w, http:\/\/www.sv-grossraeschen.de\/wp-content\/uploads\/2025\/10\/WhatsApp-Image-2025-10-28-at-20.46.50-768x432.jpeg 768w, http:\/\/www.sv-grossraeschen.de\/wp-content\/uploads\/2025\/10\/WhatsApp-Image-2025-10-28-at-20.46.50-1536x864.jpeg 1536w, http:\/\/www.sv-grossraeschen.de\/wp-content\/uploads\/2025\/10\/WhatsApp-Image-2025-10-28-at-20.46.50.jpeg 1600w\" sizes=\"auto, (max-width: 1024px) 100vw, 1024px\" \/><\/figure>\n","protected":false},"excerpt":{"rendered":"<p>Gut Holz und Alle Neune Allen Kegelfreunden steht die Kegelbahn im Sportgeb\u00e4ude in der Chransdorfer Stra\u00dfe zur Verf\u00fcgung. Sie k\u00f6nnen bei uns Familien- oder Firmenkegeln veranstalten oder einfach einen Kegelwettkampf mit Freunden durchf\u00fchren.&nbsp;Kindergeburtstage, Einschulungs-, Konfirmation- und Jugendweihefeiern bieten auch eine<\/p>\n","protected":false},"author":1,"featured_media":0,"parent":0,"menu_order":0,"comment_status":"closed","ping_status":"closed","template":"","meta":{"footnotes":""},"class_list":["post-222","page","type-page","status-publish","hentry"],"_links":{"self":[{"href":"http:\/\/www.sv-grossraeschen.de\/index.php\/wp-json\/wp\/v2\/pages\/222","targetHints":{"allow":["GET"]}}],"collection":[{"href":"http:\/\/www.sv-grossraeschen.de\/index.php\/wp-json\/wp\/v2\/pages"}],"about":[{"href":"http:\/\/www.sv-grossraeschen.de\/index.php\/wp-json\/wp\/v2\/types\/page"}],"author":[{"embeddable":true,"href":"http:\/\/www.sv-grossraeschen.de\/index.php\/wp-json\/wp\/v2\/users\/1"}],"replies":[{"embeddable":true,"href":"http:\/\/www.sv-grossraeschen.de\/index.php\/wp-json\/wp\/v2\/comments?post=222"}],"version-history":[{"count":15,"href":"http:\/\/www.sv-grossraeschen.de\/index.php\/wp-json\/wp\/v2\/pages\/222\/revisions"}],"predecessor-version":[{"id":881,"href":"http:\/\/www.sv-grossraeschen.de\/index.php\/wp-json\/wp\/v2\/pages\/222\/revisions\/881"}],"wp:attachment":[{"href":"http:\/\/www.sv-grossraeschen.de\/index.php\/wp-json\/wp\/v2\/media?parent=222"}],"curies":[{"name":"wp","href":"https:\/\/api.w.org\/{rel}","templated":true}]}}