{"id":698,"date":"2024-05-05T21:54:08","date_gmt":"2024-05-05T19:54:08","guid":{"rendered":"http:\/\/www.sv-grossraeschen.de\/?page_id=698"},"modified":"2024-05-05T21:54:09","modified_gmt":"2024-05-05T19:54:09","slug":"kraftsport","status":"publish","type":"page","link":"http:\/\/www.sv-grossraeschen.de\/index.php\/kraftsport\/","title":{"rendered":"Kraftsport"},"content":{"rendered":"\n<p>Abteilungsleitung:<\/p>\n\n\n\n<figure class=\"wp-block-table\"><table><tbody><tr><td>Abteilungsleiter<\/td><td>David Stuckatz<\/td><\/tr><tr><td>Stellv. Abteilungsleiter<\/td><td>Wolf-Peter Springstein<\/td><\/tr><tr><td>Kassenwart<\/td><td>Volker Gunder<\/td><\/tr><\/tbody><\/table><\/figure>\n\n\n\n<h2 class=\"wp-block-heading\">Trainingstage:<\/h2>\n\n\n\n<p>Montag \u2013 Mittwoch \u2013 Freitag<\/p>\n\n\n\n<p>17:00 \u2013 18:00 Uhr<\/p>\n\n\n\n<h2 class=\"wp-block-heading\">Ergebnisse:<\/h2>\n\n\n\n<p>Aktuelle Informationen und Ergebnisse der Abteilung finden Sie unter \u00a0<a href=\"http:\/\/www.kraftsport-grossraeschen.de\/\"><mark style=\"background-color:rgba(0, 0, 0, 0)\" class=\"has-inline-color has-vivid-cyan-blue-color\">www.kraftsport-grossraeschen.de<\/mark><\/a><\/p>\n\n\n\n<h2 class=\"wp-block-heading\">Trainingsst\u00e4tte:<\/h2>\n\n\n\n<p>Keller \u2013 Sportgeb\u00e4ude<br>Chransdorfer Stra\u00dfe 2a<br>01983 Gro\u00dfr\u00e4schen<\/p>\n","protected":false},"excerpt":{"rendered":"<p>Abteilungsleitung: Abteilungsleiter David Stuckatz Stellv. Abteilungsleiter Wolf-Peter Springstein Kassenwart Volker Gunder Trainingstage: Montag \u2013 Mittwoch \u2013 Freitag 17:00 \u2013 18:00 Uhr Ergebnisse: Aktuelle Informationen und Ergebnisse der Abteilung finden Sie unter \u00a0www.kraftsport-grossraeschen.de Trainingsst\u00e4tte: Keller \u2013 Sportgeb\u00e4udeChransdorfer Stra\u00dfe 2a01983 Gro\u00dfr\u00e4schen<\/p>\n","protected":false},"author":1,"featured_media":0,"parent":0,"menu_order":0,"comment_status":"closed","ping_status":"closed","template":"","meta":{"footnotes":""},"class_list":["post-698","page","type-page","status-publish","hentry"],"_links":{"self":[{"href":"http:\/\/www.sv-grossraeschen.de\/index.php\/wp-json\/wp\/v2\/pages\/698","targetHints":{"allow":["GET"]}}],"collection":[{"href":"http:\/\/www.sv-grossraeschen.de\/index.php\/wp-json\/wp\/v2\/pages"}],"about":[{"href":"http:\/\/www.sv-grossraeschen.de\/index.php\/wp-json\/wp\/v2\/types\/page"}],"author":[{"embeddable":true,"href":"http:\/\/www.sv-grossraeschen.de\/index.php\/wp-json\/wp\/v2\/users\/1"}],"replies":[{"embeddable":true,"href":"http:\/\/www.sv-grossraeschen.de\/index.php\/wp-json\/wp\/v2\/comments?post=698"}],"version-history":[{"count":1,"href":"http:\/\/www.sv-grossraeschen.de\/index.php\/wp-json\/wp\/v2\/pages\/698\/revisions"}],"predecessor-version":[{"id":699,"href":"http:\/\/www.sv-grossraeschen.de\/index.php\/wp-json\/wp\/v2\/pages\/698\/revisions\/699"}],"wp:attachment":[{"href":"http:\/\/www.sv-grossraeschen.de\/index.php\/wp-json\/wp\/v2\/media?parent=698"}],"curies":[{"name":"wp","href":"https:\/\/api.w.org\/{rel}","templated":true}]}}